{"id":1309,"date":"2026-03-10T11:54:08","date_gmt":"2026-03-10T11:54:08","guid":{"rendered":"https:\/\/artculture6.com\/?post_type=product&#038;p=1309"},"modified":"2026-03-10T11:56:14","modified_gmt":"2026-03-10T11:56:14","slug":"saint-ambroise-eveque-de-milan-339-397-gravure-ancienne-vers-1710","status":"publish","type":"product","link":"https:\/\/artculture6.com\/index.php\/product\/saint-ambroise-eveque-de-milan-339-397-gravure-ancienne-vers-1710\/","title":{"rendered":"Saint Ambroise \u00e9v\u00eaque de Milan (339-397) Gravure ancienne vers 1710"},"content":{"rendered":"<p data-start=\"205\" data-end=\"284\"><span data-start=\"264\" data-end=\"284\">R\u00e9f. : B1267R691<\/span><\/p>\n<p data-start=\"286\" data-end=\"658\">Gravure ancienne repr\u00e9sentant\u00a0<span data-start=\"316\" data-end=\"355\">Saint Ambroise, archev\u00eaque de Milan<\/span>, figure majeure de l\u2019\u00c9glise des IV\u1d49-V\u1d49 si\u00e8cles, docteur de l\u2019\u00c9glise et grand th\u00e9ologien de l\u2019Antiquit\u00e9 chr\u00e9tienne.<br data-start=\"470\" data-end=\"473\" \/>Le saint est repr\u00e9sent\u00e9 assis \u00e0 son bureau, plume \u00e0 la main, entour\u00e9 de livres et de rouleaux, symbole de son \u0153uvre th\u00e9ologique et de son r\u00f4le dans la formation de la pens\u00e9e chr\u00e9tienne.<\/p>\n<p data-start=\"660\" data-end=\"910\">Cette estampe, grav\u00e9e vers\u00a0<span data-start=\"687\" data-end=\"695\">1710<\/span>, est attribu\u00e9e au peintre et graveur fran\u00e7ais\u00a0<span data-start=\"742\" data-end=\"783\">Antoine Dieu<\/span>, connu pour ses compositions religieuses et historiques diffus\u00e9es dans les recueils iconographiques du d\u00e9but du XVIII\u1d49 si\u00e8cle.<\/p>\n<p data-start=\"912\" data-end=\"1040\">La sc\u00e8ne pr\u00e9sente un travail de taille-douce fin et dense, caract\u00e9ristique des grandes planches d\u00e9votionnelles de cette p\u00e9riode.<\/p>\n<h2 data-section-id=\"7q4hfq\" data-start=\"1047\" data-end=\"1060\">Dimensions<\/h2>\n<ul data-start=\"1062\" data-end=\"1123\">\n<li data-section-id=\"evcury\" data-start=\"1062\" data-end=\"1092\">\n<p data-start=\"1064\" data-end=\"1092\"><span data-start=\"1064\" data-end=\"1075\">Feuille<\/span>\u00a0: 31 \u00d7 21,2 cm<\/p>\n<\/li>\n<li data-section-id=\"jcvrs2\" data-start=\"1093\" data-end=\"1123\">\n<p data-start=\"1095\" data-end=\"1123\"><span data-start=\"1095\" data-end=\"1106\">Gravure<\/span>\u00a0: 22,3 \u00d7 18,3 cm<\/p>\n<p data-start=\"1191\" data-end=\"1203\">\u00c0 signaler :<\/p>\n<ul data-start=\"1205\" data-end=\"1315\">\n<li data-section-id=\"1pc30ab\" data-start=\"1205\" data-end=\"1231\">\n<p data-start=\"1207\" data-end=\"1231\">l\u00e9g\u00e8res traces de plis<\/p>\n<\/li>\n<li data-section-id=\"1qbv456\" data-start=\"1232\" data-end=\"1282\">\n<p data-start=\"1234\" data-end=\"1282\">petite mouillure dans l\u2019angle sup\u00e9rieur gauche<\/p>\n<\/li>\n<li data-section-id=\"lih71g\" data-start=\"1283\" data-end=\"1315\">\n<p data-start=\"1285\" data-end=\"1315\">tr\u00e8s discr\u00e8tes marques d\u2019usage<\/p>\n<\/li>\n<\/ul>\n<p data-start=\"1317\" data-end=\"1420\">L\u2019ensemble reste\u00a0<span data-start=\"1334\" data-end=\"1357\">en bon \u00e9tat g\u00e9n\u00e9ral<\/span>\u00a0avec une belle pr\u00e9sence graphique.<br data-start=\"1392\" data-end=\"1395\" \/>Estampe\u00a0<span data-start=\"1403\" data-end=\"1419\">peu courante<\/span>.<\/p>\n<\/li>\n<\/ul>\n","protected":false},"excerpt":{"rendered":"<p data-start=\"162\" data-end=\"530\">Gravure ancienne repr\u00e9sentant <strong data-start=\"192\" data-end=\"237\">Saint Ambroise, \u00e9v\u00eaque de Milan (339-397)<\/strong>, docteur de l\u2019\u00c9glise.<br data-start=\"259\" data-end=\"262\" \/>Cette estampe religieuse, attribu\u00e9e au peintre et graveur <strong data-start=\"320\" data-end=\"348\">Antoine Dieu (1662-1727)<\/strong>, daterait du d\u00e9but du <strong data-start=\"371\" data-end=\"399\">XVIII\u1d49 si\u00e8cle, vers 1710<\/strong>. La sc\u00e8ne montre le saint assis \u00e0 son bureau, plume \u00e0 la main, entour\u00e9 de livres et de rouleaux, symbole de son \u0153uvre th\u00e9ologique.<\/p>\n<p data-start=\"532\" data-end=\"600\">Dimensions :<br data-start=\"544\" data-end=\"547\" \/>Feuille <strong data-start=\"555\" data-end=\"571\">31 \u00d7 21,2 cm<\/strong><br data-start=\"571\" data-end=\"574\" \/>Gravure <strong data-start=\"582\" data-end=\"600\">22,3 \u00d7 18,3 cm<\/strong><\/p>\n<p data-start=\"602\" data-end=\"761\">Gravure provenant d\u2019une ancienne collection. \u00c0 signaler : l\u00e9g\u00e8res traces de plis et petite mouillure dans l\u2019angle sup\u00e9rieur gauche, sinon <strong data-start=\"740\" data-end=\"760\">bon \u00e9tat g\u00e9n\u00e9ral<\/strong>.<\/p>\n<p data-start=\"763\" data-end=\"788\"><strong data-start=\"763\" data-end=\"788\">R\u00e9f\u00e9rence : B1267R691<\/strong><\/p>\n","protected":false},"featured_media":1312,"comment_status":"open","ping_status":"closed","template":"","meta":[],"product_brand":[],"product_cat":[551,511,365,350],"product_tag":[599],"class_list":{"0":"post-1309","1":"product","2":"type-product","3":"status-publish","4":"has-post-thumbnail","6":"product_cat-eau-forte","7":"product_cat-gravures-anciennes","8":"product_cat-histoire-antique","9":"product_cat-mythes-religions-esoterisme","10":"product_tag-gravure-italie-gravure-milan-gravure-saint-gravure-theologien-gravure-bibliotheque-gravure-erudit","12":"first","13":"instock","14":"shipping-taxable","15":"purchasable","16":"product-type-simple"},"_links":{"self":[{"href":"https:\/\/artculture6.com\/index.php\/wp-json\/wp\/v2\/product\/1309","targetHints":{"allow":["GET"]}}],"collection":[{"href":"https:\/\/artculture6.com\/index.php\/wp-json\/wp\/v2\/product"}],"about":[{"href":"https:\/\/artculture6.com\/index.php\/wp-json\/wp\/v2\/types\/product"}],"replies":[{"embeddable":true,"href":"https:\/\/artculture6.com\/index.php\/wp-json\/wp\/v2\/comments?post=1309"}],"wp:featuredmedia":[{"embeddable":true,"href":"https:\/\/artculture6.com\/index.php\/wp-json\/wp\/v2\/media\/1312"}],"wp:attachment":[{"href":"https:\/\/artculture6.com\/index.php\/wp-json\/wp\/v2\/media?parent=1309"}],"wp:term":[{"taxonomy":"product_brand","embeddable":true,"href":"https:\/\/artculture6.com\/index.php\/wp-json\/wp\/v2\/product_brand?post=1309"},{"taxonomy":"product_cat","embeddable":true,"href":"https:\/\/artculture6.com\/index.php\/wp-json\/wp\/v2\/product_cat?post=1309"},{"taxonomy":"product_tag","embeddable":true,"href":"https:\/\/artculture6.com\/index.php\/wp-json\/wp\/v2\/product_tag?post=1309"}],"curies":[{"name":"wp","href":"https:\/\/api.w.org\/{rel}","templated":true}]}}