{"id":1308,"date":"2026-03-10T21:18:32","date_gmt":"2026-03-10T21:18:32","guid":{"rendered":"https:\/\/artculture6.com\/?post_type=product&#038;p=1308"},"modified":"2026-03-10T21:18:33","modified_gmt":"2026-03-10T21:18:33","slug":"paris-rue-animee-par-albert-decaris-1949-gravure-au-burin-france","status":"publish","type":"product","link":"https:\/\/artculture6.com\/index.php\/product\/paris-rue-animee-par-albert-decaris-1949-gravure-au-burin-france\/","title":{"rendered":"Paris rue anim\u00e9e par Albert Decaris 1949 gravure au burin France"},"content":{"rendered":"<p><span style=\"font-size: x-large;\"><span>R\u00e9f\u00e9rence\u00a0B1552R717<\/span><\/span><\/p>\n<div>\n<div><span style=\"font-size: x-large;\">Je vous propose cette gravure de 1949.\u00a0<\/span><\/div>\n<div><span style=\"font-size: x-large;\">Vue de Paris par Albert Decaris\u00a0<\/span><\/div>\n<div><span style=\"font-size: x-large;\">La feuille fait 37,5 cm par 28 cm, la gravure seule fait 32,2 cm par 23,3 cm.<\/span><\/div>\n<div><span style=\"font-size: x-large;\">Pi\u00e8ce non sign\u00e9e, mais elle est connue et Decaris est un des rares artistes dont une de ses oeuvres appelle automatiquement son nom, nous sommes l\u00e0 sur une oeuvre d&rsquo;un Ma\u00eetre ! Superbe.\u00a0<\/span><\/div>\n<div><span style=\"font-size: x-large;\">\u00a0<\/span><\/div>\n<div><span style=\"font-size: x-large;\">Note sur l&rsquo;artiste<\/span><\/div>\n<div><span style=\"font-size: x-large;\">Albert Marius Hippolyte Decaris,<\/span><\/div>\n<div><span style=\"font-size: x-large;\">N\u00e9 le 6 mai 1901 \u00e0 Sotteville-L\u00e8s-Rouen Seine-Maritime (nomm\u00e9e jusqu&rsquo;en 1955 Seine-Inf\u00e9rieur) d\u00e9c\u00e9d\u00e9 le 1 janvier 1988 \u00e0 Paris, peintre, d\u00e9corateur, Graveur. Renomm\u00e9 pour son talent il travaille l&rsquo;aquarelle et l&rsquo;art du l&rsquo;avis d&rsquo;encre, la gravure, il a grav\u00e9 de nombreux timbres-poste (500 \u00e0 600) dont une Marianne.<\/span><\/div>\n<div><span style=\"font-size: x-large;\">Il \u00e0 \u00e9tudi\u00e9 \u00e0 l&rsquo;\u00e9cole Estienne, puis dans l&rsquo;atelier de gravure d&rsquo;Antoine Dezarrois, il entre \u00e0 l&rsquo;\u00c9cole des beaux-arts de Paris dans l&rsquo;atelier Cormon, et entre 1924 et 1936 \u00e0 la villa M\u00e9decis de Rome avec Albert Besnard comme directeur.<\/span><\/div>\n<div><span style=\"font-size: x-large;\">Il expose \u00e0 la Galerie Jean Charpentier une s\u00e9rie de quatre vingt dessins \u00e0 l&rsquo;encre de Chine dans plusieurs villes du sud de la France ( Orange, Vaison-La-Romaine, Arles, Saint R\u00e9my-de-Provence, Les Baux, Aix en Provence, le pont-Du-Gard) en 1925 il re\u00e7ois la m\u00e9daille d&rsquo;argent au Salon des artistes fran\u00e7ais, en 1929 le premier prix de Rome de gravure pour sa \u00c8ve avant le p\u00e9ch\u00e9<\/span><\/div>\n<div><span style=\"font-size: x-large;\">Les ann\u00e9es 30 le trouvent \u00e0 illustrer les po\u00e8mes de L\u00e9on Cathlin, les \u0153uvres d&rsquo;Alfred de Vigny les destin\u00e9es, Macbeth de Shakespeare, et d&rsquo;autres auteurs prestigieux.<\/span><\/div>\n<div><span style=\"font-size: x-large;\">Il expose \u00e0 la Galerie Charpentier avec le sculpteur Pierre Dionisi.<\/span><\/div>\n<div><span style=\"font-size: x-large;\">Il travaille comme d\u00e9corateur d&rsquo;int\u00e9rieur, il ex\u00e9cute des peintures murales. \u00c0 New York il r\u00e9alise une fresque.<\/span><\/div>\n<div><span style=\"font-size: x-large;\">Peintre officiel de la Marine fran\u00e7aise au d\u00e9but des ann\u00e9es soixante,<\/span><\/div>\n<div><span style=\"font-size: x-large;\">Membre du conseil d&rsquo;administration de la Soci\u00e9t\u00e9 Nationale des Beaux Art pour la section de 1970 \u00e0 1978<\/span><\/div>\n<div><span style=\"font-size: x-large;\">Il nous laisse plus de 600 magnifiques burins de grandes dimensions, de nombreuses aquarelles et lavis d&rsquo;encre.<\/span><\/div>\n<div><span style=\"font-size: x-large;\">\u00a0<\/span><\/div>\n<div><span style=\"font-size: x-large;\">Un des plus grands graveurs fran\u00e7ais de tous les temps, il domina le genre dans les ann\u00e9es 1960, avec une touche qui lui est donc totalement unique. A saisir !\u00a0<\/span><\/div>\n<\/div>\n","protected":false},"excerpt":{"rendered":"<p data-start=\"163\" data-end=\"407\">Gravure au burin repr\u00e9sentant une <strong data-start=\"197\" data-end=\"220\">rue anim\u00e9e de Paris<\/strong>, \u0153uvre du grand graveur fran\u00e7ais <strong data-start=\"254\" data-end=\"272\">Albert Decaris<\/strong>, dat\u00e9e <strong data-start=\"280\" data-end=\"288\">1949<\/strong>.<br data-start=\"289\" data-end=\"292\" \/>Cette sc\u00e8ne urbaine typiquement parisienne illustre parfaitement le style puissant et graphique du ma\u00eetre du burin.<\/p>\n<p data-start=\"409\" data-end=\"477\">Dimensions :<br data-start=\"421\" data-end=\"424\" \/>Feuille <strong data-start=\"432\" data-end=\"448\">37,5 \u00d7 28 cm<\/strong><br data-start=\"448\" data-end=\"451\" \/>Gravure <strong data-start=\"459\" data-end=\"477\">32,2 \u00d7 23,3 cm<\/strong><\/p>\n<p data-start=\"479\" data-end=\"706\">\u00c9preuve <strong data-start=\"487\" data-end=\"501\">non sign\u00e9e<\/strong>, mais mod\u00e8le bien connu attribu\u00e9 \u00e0 <strong data-start=\"537\" data-end=\"567\">Albert Decaris (1901-1988)<\/strong>, l\u2019un des plus grands graveurs fran\u00e7ais du XX\u1d49 si\u00e8cle, c\u00e9l\u00e8bre notamment pour ses nombreux <strong data-start=\"659\" data-end=\"705\">timbres-poste et grandes gravures au burin<\/strong>.<\/p>\n<p data-start=\"708\" data-end=\"764\">Belle pi\u00e8ce d\u2019art graphique du <strong data-start=\"739\" data-end=\"763\">Paris d\u2019apr\u00e8s-guerre<\/strong>.<\/p>\n","protected":false},"featured_media":1316,"comment_status":"open","ping_status":"closed","template":"","meta":[],"product_brand":[],"product_cat":[552,594,460],"product_tag":[600],"class_list":{"0":"post-1308","1":"product","2":"type-product","3":"status-publish","4":"has-post-thumbnail","6":"product_cat-burin","7":"product_cat-decaris-albert-1901-1988","8":"product_cat-paris","9":"product_tag-albert-decaris-decaris-engraving-paris-engraving-paris-street-scene-french-engraving-burin-engraving-french-printmaking-paris-city-print","11":"first","12":"instock","13":"shipping-taxable","14":"purchasable","15":"product-type-simple"},"_links":{"self":[{"href":"https:\/\/artculture6.com\/index.php\/wp-json\/wp\/v2\/product\/1308","targetHints":{"allow":["GET"]}}],"collection":[{"href":"https:\/\/artculture6.com\/index.php\/wp-json\/wp\/v2\/product"}],"about":[{"href":"https:\/\/artculture6.com\/index.php\/wp-json\/wp\/v2\/types\/product"}],"replies":[{"embeddable":true,"href":"https:\/\/artculture6.com\/index.php\/wp-json\/wp\/v2\/comments?post=1308"}],"wp:featuredmedia":[{"embeddable":true,"href":"https:\/\/artculture6.com\/index.php\/wp-json\/wp\/v2\/media\/1316"}],"wp:attachment":[{"href":"https:\/\/artculture6.com\/index.php\/wp-json\/wp\/v2\/media?parent=1308"}],"wp:term":[{"taxonomy":"product_brand","embeddable":true,"href":"https:\/\/artculture6.com\/index.php\/wp-json\/wp\/v2\/product_brand?post=1308"},{"taxonomy":"product_cat","embeddable":true,"href":"https:\/\/artculture6.com\/index.php\/wp-json\/wp\/v2\/product_cat?post=1308"},{"taxonomy":"product_tag","embeddable":true,"href":"https:\/\/artculture6.com\/index.php\/wp-json\/wp\/v2\/product_tag?post=1308"}],"curies":[{"name":"wp","href":"https:\/\/api.w.org\/{rel}","templated":true}]}}