{"id":120,"date":"2026-02-22T21:57:46","date_gmt":"2026-02-22T21:57:46","guid":{"rendered":"http:\/\/tbmglwe.cluster100.hosting.ovh.net\/?post_type=product&#038;p=120"},"modified":"2026-03-09T12:39:39","modified_gmt":"2026-03-09T12:39:39","slug":"japon-mouche-etude-naturaliste-a-lencre-epoque-edo-xviiie-ou-debut-xixe","status":"publish","type":"product","link":"https:\/\/artculture6.com\/index.php\/product\/japon-mouche-etude-naturaliste-a-lencre-epoque-edo-xviiie-ou-debut-xixe\/","title":{"rendered":"Japon mouche \u00c9tude naturaliste \u00e0 l\u2019encre \u00e9poque Edo (XVIIIe ou d\u00e9but XIXe)"},"content":{"rendered":"<p><span style=\"font-size: large;\">R\u00e9f\u00e9rence 4702-6R447\u00a0<\/span><\/p>\n<div>\n<p data-start=\"228\" data-end=\"682\">\u00c9tude naturaliste repr\u00e9sentant une mouche, ex\u00e9cut\u00e9e \u00e0 l\u2019encre et l\u00e9ger lavis sur papier japon verg\u00e9 ancien. Le traitement est d\u2019une grande sobri\u00e9t\u00e9 : quelques traits pr\u00e9cis pour les pattes et les antennes, un lavis d\u00e9licat pour les ailes translucides et un model\u00e9 plus soutenu pour la t\u00eate subtilement nuanc\u00e9e de brun. La composition minimaliste, laissant respirer le vide autour du sujet, est caract\u00e9ristique de l\u2019esth\u00e9tique japonaise de l\u2019\u00e9poque Edo.<\/p>\n<p data-start=\"684\" data-end=\"1042\">La feuille verg\u00e9 (11,3 x 8,3 cm) est maroufl\u00e9e sur un support ancien orn\u00e9 d\u2019un cerclage \u00e0 la feuille d\u2019or ; dimensions du montage : 13,8 x 11,2 cm. Le papier pr\u00e9sente une belle patine avec rousseurs, traces et petits manques visibles, coh\u00e9rents avec l\u2019anciennet\u00e9. Au regard de l\u2019\u00e2ge, ces alt\u00e9rations participent au charme et \u00e0 l\u2019authenticit\u00e9 de l\u2019ensemble.<\/p>\n<p data-start=\"1044\" data-end=\"1207\">Absence de signature apparente, fr\u00e9quent pour des feuilles d\u2019\u00e9tude ou extraits d\u2019album naturaliste ancien. Travail japonais ancien, fin XVIIIe \u2013 d\u00e9but XIXe si\u00e8cle.<\/p>\n<\/div>\n","protected":false},"excerpt":{"rendered":"<p>\u00c9tude de mouche \u00e0 l\u2019encre sur papier japon verg\u00e9 (11,3 x 8,3 cm), \u00e9poque Edo. Feuille maroufl\u00e9e avec cerclage \u00e0 la feuille d\u2019or (13,8 x 11,2 cm). Patine ancienne et petits manques d\u2019usage.<\/p>\n","protected":false},"featured_media":121,"comment_status":"open","ping_status":"closed","template":"","meta":[],"product_brand":[],"product_cat":[333,342,543,239,196],"product_tag":[110],"class_list":{"0":"post-120","1":"product","2":"type-product","3":"status-publish","4":"has-post-thumbnail","6":"product_cat-animaux","7":"product_cat-dessins","8":"product_cat-insectes","9":"product_cat-japon","10":"product_cat-par-zones-geographiques","11":"product_tag-art-japonais-ancien-epoque-edo-dessin-japonais-xviiie-etude-naturaliste-encre-de-chine-lavis-a-lencre-papier-japon-ancien-cabinet-de-curiosites-art-asiatique","13":"first","14":"instock","15":"shipping-taxable","16":"purchasable","17":"product-type-simple"},"_links":{"self":[{"href":"https:\/\/artculture6.com\/index.php\/wp-json\/wp\/v2\/product\/120","targetHints":{"allow":["GET"]}}],"collection":[{"href":"https:\/\/artculture6.com\/index.php\/wp-json\/wp\/v2\/product"}],"about":[{"href":"https:\/\/artculture6.com\/index.php\/wp-json\/wp\/v2\/types\/product"}],"replies":[{"embeddable":true,"href":"https:\/\/artculture6.com\/index.php\/wp-json\/wp\/v2\/comments?post=120"}],"wp:featuredmedia":[{"embeddable":true,"href":"https:\/\/artculture6.com\/index.php\/wp-json\/wp\/v2\/media\/121"}],"wp:attachment":[{"href":"https:\/\/artculture6.com\/index.php\/wp-json\/wp\/v2\/media?parent=120"}],"wp:term":[{"taxonomy":"product_brand","embeddable":true,"href":"https:\/\/artculture6.com\/index.php\/wp-json\/wp\/v2\/product_brand?post=120"},{"taxonomy":"product_cat","embeddable":true,"href":"https:\/\/artculture6.com\/index.php\/wp-json\/wp\/v2\/product_cat?post=120"},{"taxonomy":"product_tag","embeddable":true,"href":"https:\/\/artculture6.com\/index.php\/wp-json\/wp\/v2\/product_tag?post=120"}],"curies":[{"name":"wp","href":"https:\/\/api.w.org\/{rel}","templated":true}]}}