{"id":114,"date":"2026-02-22T21:45:07","date_gmt":"2026-02-22T21:45:07","guid":{"rendered":"http:\/\/tbmglwe.cluster100.hosting.ovh.net\/?post_type=product&#038;p=114"},"modified":"2026-03-09T12:40:37","modified_gmt":"2026-03-09T12:40:37","slug":"japon-sauterelle-etude-naturaliste-a-lencre-epoque-edo-xviiie-ou-debut-xixe","status":"publish","type":"product","link":"https:\/\/artculture6.com\/index.php\/product\/japon-sauterelle-etude-naturaliste-a-lencre-epoque-edo-xviiie-ou-debut-xixe\/","title":{"rendered":"Japon Sauterelle \u00c9tude naturaliste \u00e0 l\u2019encre \u00e9poque Edo XVIIIe ou d\u00e9but XIXe"},"content":{"rendered":"<p style=\"font-weight: 400;\">R\u00e9f\u00e9rence 4702-5R447<\/p>\n<p style=\"font-weight: 400;\">Je vous propose cette \u00e9tude naturaliste repr\u00e9sentant une sauterelle. Elle est ex\u00e9cut\u00e9e \u00e0 l\u2019encre en l\u00e9ger lavis sur papier japon verg\u00e9 avec des pontuseaux espac\u00e9s d\u2019environ 2 cm. Le traitement est fin et expressif, avec un travail d\u00e9licat des antennes filiformes, des pattes articul\u00e9es et du model\u00e9 du corps subtilement nuanc\u00e9. La sobri\u00e9t\u00e9 de la composition met en valeur la qualit\u00e9 du trait et l\u2019observation attentive du sujet, caract\u00e9ristique des \u00e9tudes japonaises de l\u2019\u00e9poque Edo. La feuille (10,8 x 8,1 cm) est orn\u00e9 d\u2019un cerclage \u00e0 la feuille d\u2019or ; dimensions du montage : 13,6 x 10 cm. Le papier pr\u00e9sente une belle patine et quelques manques et alt\u00e9rations visibles, coh\u00e9rents avec l\u2019anciennet\u00e9, qui n\u2019alt\u00e8rent pas la lecture de l\u2019\u0153uvre et participent \u00e0 son authenticit\u00e9. Absence de signature apparente, fr\u00e9quent pour des feuilles d\u2019\u00e9tude anciennes fin XVIIIe ou tout d\u00e9but XIXe si\u00e8cle.<\/p>\n","protected":false},"excerpt":{"rendered":"<p>\u00c9tude de [insecte] \u00e0 l\u2019encre sur papier japon verg\u00e9, \u00e9poque Edo (XVIIIe\u2013d\u00e9but XIXe).<br data-start=\"1021\" data-end=\"1024\" \/>Feuille maroufl\u00e9e avec cerclage \u00e0 la feuille d\u2019or. Patine ancienne, petits manques d\u2019usage.<\/p>\n","protected":false},"featured_media":115,"comment_status":"open","ping_status":"closed","template":"","meta":[],"product_brand":[],"product_cat":[333,342,543,239,196],"product_tag":[110],"class_list":{"0":"post-114","1":"product","2":"type-product","3":"status-publish","4":"has-post-thumbnail","6":"product_cat-animaux","7":"product_cat-dessins","8":"product_cat-insectes","9":"product_cat-japon","10":"product_cat-par-zones-geographiques","11":"product_tag-art-japonais-ancien-epoque-edo-dessin-japonais-xviiie-etude-naturaliste-encre-de-chine-lavis-a-lencre-papier-japon-ancien-cabinet-de-curiosites-art-asiatique","13":"first","14":"instock","15":"shipping-taxable","16":"purchasable","17":"product-type-simple"},"_links":{"self":[{"href":"https:\/\/artculture6.com\/index.php\/wp-json\/wp\/v2\/product\/114","targetHints":{"allow":["GET"]}}],"collection":[{"href":"https:\/\/artculture6.com\/index.php\/wp-json\/wp\/v2\/product"}],"about":[{"href":"https:\/\/artculture6.com\/index.php\/wp-json\/wp\/v2\/types\/product"}],"replies":[{"embeddable":true,"href":"https:\/\/artculture6.com\/index.php\/wp-json\/wp\/v2\/comments?post=114"}],"wp:featuredmedia":[{"embeddable":true,"href":"https:\/\/artculture6.com\/index.php\/wp-json\/wp\/v2\/media\/115"}],"wp:attachment":[{"href":"https:\/\/artculture6.com\/index.php\/wp-json\/wp\/v2\/media?parent=114"}],"wp:term":[{"taxonomy":"product_brand","embeddable":true,"href":"https:\/\/artculture6.com\/index.php\/wp-json\/wp\/v2\/product_brand?post=114"},{"taxonomy":"product_cat","embeddable":true,"href":"https:\/\/artculture6.com\/index.php\/wp-json\/wp\/v2\/product_cat?post=114"},{"taxonomy":"product_tag","embeddable":true,"href":"https:\/\/artculture6.com\/index.php\/wp-json\/wp\/v2\/product_tag?post=114"}],"curies":[{"name":"wp","href":"https:\/\/api.w.org\/{rel}","templated":true}]}}