{"id":106,"date":"2026-02-22T18:22:02","date_gmt":"2026-02-22T18:22:02","guid":{"rendered":"http:\/\/tbmglwe.cluster100.hosting.ovh.net\/?post_type=product&#038;p=106"},"modified":"2026-03-09T12:41:21","modified_gmt":"2026-03-09T12:41:21","slug":"japon-etude-dinsecte-orthoptere-encre-sur-papier-washi-epoque-edo","status":"publish","type":"product","link":"https:\/\/artculture6.com\/index.php\/product\/japon-etude-dinsecte-orthoptere-encre-sur-papier-washi-epoque-edo\/","title":{"rendered":"Japon \u00c9tude d\u2019insecte orthopt\u00e8re Encre sur papier washi \u00e9poque Edo"},"content":{"rendered":"<p style=\"font-weight: 400;\">R\u00e9f\u00e9rence\u00a04702-8R447<\/p>\n<p style=\"font-weight: 400;\">\u00c9tude naturaliste repr\u00e9sentant un crabe, ex\u00e9cut\u00e9e \u00e0 l\u2019encre et l\u00e9ger lavis sur papier verg\u00e9 ancien. Le sujet est trait\u00e9 avec une grande libert\u00e9 de pinceau, alternant traits fins et accents plus soutenus pour sugg\u00e9rer le model\u00e9 de la carapace, la tension des pattes articul\u00e9es et quelques herbes aquatiques esquiss\u00e9es en arri\u00e8re-plan. La composition, sobre et \u00e9quilibr\u00e9e, met en valeur l\u2019\u00e9conomie de moyens caract\u00e9ristique des \u00e9tudes japonaises de l\u2019\u00e9poque Edo. Le papier verg\u00e9, finement stri\u00e9 et patin\u00e9 par le temps, pr\u00e9sente une teinte ivoire brunie et des alt\u00e9rations coh\u00e9rentes avec son anciennet\u00e9. Absence de signature visible, typique de certaines feuilles d\u2019\u00e9tude ou pages issues d\u2019un album ancien. Dimensions de la feuille : 11,1 x 8,2 cm. Pr\u00e9sent\u00e9e sur un support d\u00e9coratif dor\u00e9 \u00e0 l\u2019or post\u00e9rieur (14 x 11 cm), ind\u00e9pendant du dessin. Travail japonais ancien, fin XVIIIe \u2013 d\u00e9but XIXe si\u00e8cle, id\u00e9al pour cabinet de curiosit\u00e9s ou collection d\u2019art asiatique.<\/p>\n","protected":false},"excerpt":{"rendered":"<p>\u00c9tude naturaliste de crabe \u00e0 l\u2019encre sur papier verg\u00e9 ancien (11,1 x 8,2 cm), Japon \u00e9poque Edo (XVIIIe\u2013d\u00e9but XIXe). Trait libre et expressif, belle patine du temps. Pr\u00e9sent\u00e9e sur support dor\u00e9 post\u00e9rieur (14 x 11 cm).<\/p>\n","protected":false},"featured_media":107,"comment_status":"open","ping_status":"closed","template":"","meta":[],"product_brand":[],"product_cat":[333,543,239,196],"product_tag":[110],"class_list":{"0":"post-106","1":"product","2":"type-product","3":"status-publish","4":"has-post-thumbnail","6":"product_cat-animaux","7":"product_cat-insectes","8":"product_cat-japon","9":"product_cat-par-zones-geographiques","10":"product_tag-art-japonais-ancien-epoque-edo-dessin-japonais-xviiie-etude-naturaliste-encre-de-chine-lavis-a-lencre-papier-japon-ancien-cabinet-de-curiosites-art-asiatique","12":"first","13":"instock","14":"shipping-taxable","15":"purchasable","16":"product-type-simple"},"_links":{"self":[{"href":"https:\/\/artculture6.com\/index.php\/wp-json\/wp\/v2\/product\/106","targetHints":{"allow":["GET"]}}],"collection":[{"href":"https:\/\/artculture6.com\/index.php\/wp-json\/wp\/v2\/product"}],"about":[{"href":"https:\/\/artculture6.com\/index.php\/wp-json\/wp\/v2\/types\/product"}],"replies":[{"embeddable":true,"href":"https:\/\/artculture6.com\/index.php\/wp-json\/wp\/v2\/comments?post=106"}],"wp:featuredmedia":[{"embeddable":true,"href":"https:\/\/artculture6.com\/index.php\/wp-json\/wp\/v2\/media\/107"}],"wp:attachment":[{"href":"https:\/\/artculture6.com\/index.php\/wp-json\/wp\/v2\/media?parent=106"}],"wp:term":[{"taxonomy":"product_brand","embeddable":true,"href":"https:\/\/artculture6.com\/index.php\/wp-json\/wp\/v2\/product_brand?post=106"},{"taxonomy":"product_cat","embeddable":true,"href":"https:\/\/artculture6.com\/index.php\/wp-json\/wp\/v2\/product_cat?post=106"},{"taxonomy":"product_tag","embeddable":true,"href":"https:\/\/artculture6.com\/index.php\/wp-json\/wp\/v2\/product_tag?post=106"}],"curies":[{"name":"wp","href":"https:\/\/api.w.org\/{rel}","templated":true}]}}